{"id":165,"date":"2025-12-21T12:12:22","date_gmt":"2025-12-21T12:12:22","guid":{"rendered":"https:\/\/flowatflo.no\/wp\/?page_id=165"},"modified":"2026-01-08T16:18:53","modified_gmt":"2026-01-08T16:18:53","slug":"sauna","status":"publish","type":"page","link":"https:\/\/flowatflo.no\/wp\/sauna\/","title":{"rendered":"Sauna"},"content":{"rendered":"\n\n\n\n\n\n\n\n<p><em style=\"font-size: large;\"><span style=\"font-weight: bolder;\">Dette er staden for deg som \u00f8nskjer ei ekte, enkel og naturn\u00e6r saunaoppelving<\/span><\/em><\/p>\n<p style=\"text-align: center;\"><em style=\"font-size: large;\"><span style=\"font-weight: bolder;\">-med fjell, bre og vatn som n\u00e6raste nabo<\/span><\/em><\/p>\n\n<p><strong>Velkomen til v\u00e5r vedfyrte sauna<\/strong>, vakkert plassert heilt nede ved breidda av Oppstrynsvatnet. Her f\u00e5r du ei majestetisk utsikt mot fjell og bre, der naturen spelar hovudrolla \u00e5ret rundt. Omkransa av stille og ro er dette ein stad for ekte avkopling- perfekt for \u00e5 senke skuldrane og nyte augeblikket.&nbsp;<\/p>\n<p>Saunaen har plass til opptil 7 personar og blir varna opp\nmed ved, noko som gir ein lun, autentisk og behageleg varme. Etter ei god og\nvarm \u00f8kt i saunaen kan du ta eit forfriskande bad i vatnet, berre nokre steg\nfr\u00e5 saunaen- ei oppleving som verkeleg set sansane i sving, \u00e5ret rundt. <\/p>\n<p>For ei enda meir komplett oppleving kan du leige b\u00e5t eller SUP- brett f\u00f8r eller etter sauna, og det er \u00f2g mogleg \u00e5 bestille ei enkel matkorg med drikke og snacks som kan nytast i l\u00f8pet av opplevinga eller etter saunaen.&nbsp;<\/p>\n\n\n\n\n<h2>Praktisk informasjon<\/h2>\n\n\n\n\n\n\n\n\n\n<p><ul><li>Vi anbefaler \u00e5 ta med eiga drikkeflaske<\/li><\/ul><\/p>\n<p><ul><li>Handduk m\u00e5 takast med. Kan leigast ved behov<\/li><\/ul><\/p>\n<p><ul><li>Parkering ved Flovegen 957, derifr\u00e5 g\u00e5r ein ned til saunaen<\/li><\/ul><\/p>\n<p><ul><li>Det er ikkje dusj eller toalett p\u00e5 omr\u00e5det<\/li><\/ul><\/p>\n\n\n\n\n\n\n\n\n\n<h2>PRISAR<\/h2>\n\n1-2 personar 500,-\n<p>3 personar 600,-<\/p>\n<p>4 personar 800,-<\/p>\n<p>5 personar 1000,-<\/p>\n<p>6 presonar 1200,-<\/p>\n<p>7 personar 1400,-<\/p>\n\n\n\n\n<h2>Gallery sauna<\/h2>\n\n\n\n\n\n\n<span style=\"font-size: 24px; font-family: Rokkitt;\"><strong style=\"color: #ffffff;\"><br><\/strong><\/span><p><span style=\"font-size: 24px; font-family: Rokkitt;\"><strong style=\"color: #ffffff;\">Our Library<\/strong><\/span><\/p>\n\n\n\n\n\n<span style=\"font-size: 24px; font-family: Rokkitt;\"><strong style=\"color: #ffffff;\"><br><\/strong><\/span><p><span style=\"font-size: 24px; font-family: Rokkitt;\"><strong style=\"color: #ffffff;\">Convocation Ceremony<\/strong><\/span><\/p>\n\n\n\n\n\n\n<span style=\"font-size: 24px; font-family: Rokkitt;\"><strong style=\"color: #ffffff;\"><br><\/strong><\/span><p><span style=\"font-size: 24px; font-family: Rokkitt;\"><strong style=\"color: #ffffff;\">Our Auditorium<\/strong><\/span><\/p>\n\n\n\n\n\n\n<span style=\"font-size: 24px; font-family: Rokkitt;\"><strong style=\"color: #ffffff;\"><br><\/strong><\/span><p><span style=\"font-size: 24px; font-family: Rokkitt;\"><strong style=\"color: #ffffff;\">Our Classrooms<\/strong><\/span><\/p>\n\n\n\n\n\n\n<span style=\"font-size: 24px; font-family: Rokkitt;\"><strong style=\"color: #ffffff;\"><br><\/strong><\/span><p><span style=\"font-size: 24px; font-family: Rokkitt;\"><strong style=\"color: #ffffff;\">Our Labs<\/strong><\/span><\/p>\n\n\n\n\n\n\n<span style=\"font-size: 24px; font-family: Rokkitt;\"><strong style=\"color: #ffffff;\"><br><\/strong><\/span><p><span style=\"font-size: 24px; font-family: Rokkitt;\"><strong style=\"color: #ffffff;\">Our Campus<\/strong><\/span><\/p>\n\n\n\n\n\n\n\n\n\n\n\n\n\n\n\n","protected":false},"excerpt":{"rendered":"","protected":false},"author":1,"featured_media":0,"parent":0,"menu_order":0,"comment_status":"closed","ping_status":"closed","template":"","meta":{"pagelayer_contact_templates":[],"_pagelayer_content":"","footnotes":""},"class_list":{"0":"post-165","1":"page","2":"type-page","3":"status-publish","5":"col-md-12"},"_links":{"self":[{"href":"https:\/\/flowatflo.no\/wp\/wp-json\/wp\/v2\/pages\/165","targetHints":{"allow":["GET"]}}],"collection":[{"href":"https:\/\/flowatflo.no\/wp\/wp-json\/wp\/v2\/pages"}],"about":[{"href":"https:\/\/flowatflo.no\/wp\/wp-json\/wp\/v2\/types\/page"}],"author":[{"embeddable":true,"href":"https:\/\/flowatflo.no\/wp\/wp-json\/wp\/v2\/users\/1"}],"replies":[{"embeddable":true,"href":"https:\/\/flowatflo.no\/wp\/wp-json\/wp\/v2\/comments?post=165"}],"version-history":[{"count":15,"href":"https:\/\/flowatflo.no\/wp\/wp-json\/wp\/v2\/pages\/165\/revisions"}],"predecessor-version":[{"id":627,"href":"https:\/\/flowatflo.no\/wp\/wp-json\/wp\/v2\/pages\/165\/revisions\/627"}],"wp:attachment":[{"href":"https:\/\/flowatflo.no\/wp\/wp-json\/wp\/v2\/media?parent=165"}],"curies":[{"name":"wp","href":"https:\/\/api.w.org\/{rel}","templated":true}]}}